{"id":2,"date":"2020-03-02T10:14:34","date_gmt":"2020-03-02T09:14:34","guid":{"rendered":"https:\/\/www.dachgarten-gmbh.at\/?page_id=2"},"modified":"2020-04-05T15:40:35","modified_gmt":"2020-04-05T13:40:35","slug":"willkommen","status":"publish","type":"page","link":"https:\/\/www.dachgarten-gmbh.at\/","title":{"rendered":"Herzlich Willkommen!"},"content":{"rendered":"\n<p>Wir, das sind Rene Mitterlehner und Fritz Schl\u00f6glhofer, freuen uns, dass Sie unsere Homepage besuchen. <\/p>\n\n\n\n<p><br>Nach \u00fcber 20 Jahren Erfahrung im Gartenbau, spezialisiert auf Dachbegr\u00fcnung, haben wir die Firma Dachgarten GmbH gegr\u00fcndet. <\/p>\n\n\n\n<p><br>Im Bereich der <strong>Dachbegr\u00fcnung<\/strong> stehen wir f\u00fcr Beratung, technische Planung, Angebotslegung und nat\u00fcrlich auch f\u00fcr die komplette Ausf\u00fchrung zur Verf\u00fcgung. <\/p>\n\n\n\n<p><br>Im Bereich <strong>Gartenbau<\/strong> k\u00f6nnen wir Ihnen von Pflanzarbeiten, Rasenarbeiten, Pflasterungen bis Pflegearbeiten bei Neu- und Umgestaltung Ihres Gartens alles anbieten.<\/p>\n","protected":false},"excerpt":{"rendered":"<p>Wir, das sind Rene Mitterlehner und Fritz Schl\u00f6glhofer, freuen uns, dass Sie unsere Homepage besuchen. Nach \u00fcber 20 Jahren Erfahrung im Gartenbau, spezialisiert auf Dachbegr\u00fcnung, haben wir die Firma Dachgarten GmbH gegr\u00fcndet. Im Bereich der Dachbegr\u00fcnung stehen wir f\u00fcr Beratung, &hellip; <a href=\"https:\/\/www.dachgarten-gmbh.at\/\">Weiter<\/a><\/p>\n","protected":false},"author":1,"featured_media":0,"parent":0,"menu_order":0,"comment_status":"closed","ping_status":"closed","template":"","meta":{"kt_blocks_editor_width":"","footnotes":""},"class_list":["post-2","page","type-page","status-publish","hentry"],"yoast_head":"<!-- This site is optimized with the Yoast SEO plugin v26.4 - https:\/\/yoast.com\/wordpress\/plugins\/seo\/ -->\n<title>Herzlich Willkommen! - Dachgarten GmbH<\/title>\n<meta name=\"robots\" content=\"index, follow, max-snippet:-1, max-image-preview:large, max-video-preview:-1\" \/>\n<link rel=\"canonical\" href=\"https:\/\/www.dachgarten-gmbh.at\/\" \/>\n<meta property=\"og:locale\" content=\"de_DE\" \/>\n<meta property=\"og:type\" content=\"article\" \/>\n<meta property=\"og:title\" content=\"Herzlich Willkommen! - Dachgarten GmbH\" \/>\n<meta property=\"og:description\" content=\"Wir, das sind Rene Mitterlehner und Fritz Schl\u00f6glhofer, freuen uns, dass Sie unsere Homepage besuchen. Nach \u00fcber 20 Jahren Erfahrung im Gartenbau, spezialisiert auf Dachbegr\u00fcnung, haben wir die Firma Dachgarten GmbH gegr\u00fcndet. Im Bereich der Dachbegr\u00fcnung stehen wir f\u00fcr Beratung, &hellip; Weiter\" \/>\n<meta property=\"og:url\" content=\"https:\/\/www.dachgarten-gmbh.at\/\" \/>\n<meta property=\"og:site_name\" content=\"Dachgarten GmbH\" \/>\n<meta property=\"article:modified_time\" content=\"2020-04-05T13:40:35+00:00\" \/>\n<meta name=\"twitter:card\" content=\"summary_large_image\" \/>\n<script type=\"application\/ld+json\" class=\"yoast-schema-graph\">{\"@context\":\"https:\/\/schema.org\",\"@graph\":[{\"@type\":\"WebPage\",\"@id\":\"https:\/\/www.dachgarten-gmbh.at\/\",\"url\":\"https:\/\/www.dachgarten-gmbh.at\/\",\"name\":\"Herzlich Willkommen! - Dachgarten GmbH\",\"isPartOf\":{\"@id\":\"https:\/\/www.dachgarten-gmbh.at\/#website\"},\"datePublished\":\"2020-03-02T09:14:34+00:00\",\"dateModified\":\"2020-04-05T13:40:35+00:00\",\"breadcrumb\":{\"@id\":\"https:\/\/www.dachgarten-gmbh.at\/#breadcrumb\"},\"inLanguage\":\"de\",\"potentialAction\":[{\"@type\":\"ReadAction\",\"target\":[\"https:\/\/www.dachgarten-gmbh.at\/\"]}]},{\"@type\":\"BreadcrumbList\",\"@id\":\"https:\/\/www.dachgarten-gmbh.at\/#breadcrumb\",\"itemListElement\":[{\"@type\":\"ListItem\",\"position\":1,\"name\":\"Startseite\",\"item\":\"https:\/\/www.dachgarten-gmbh.at\/\"},{\"@type\":\"ListItem\",\"position\":2,\"name\":\"Herzlich Willkommen!\"}]},{\"@type\":\"WebSite\",\"@id\":\"https:\/\/www.dachgarten-gmbh.at\/#website\",\"url\":\"https:\/\/www.dachgarten-gmbh.at\/\",\"name\":\"Dachgarten GmbH\",\"description\":\"Dachbegr\u00fcnung - Gartenbau\",\"potentialAction\":[{\"@type\":\"SearchAction\",\"target\":{\"@type\":\"EntryPoint\",\"urlTemplate\":\"https:\/\/www.dachgarten-gmbh.at\/?s={search_term_string}\"},\"query-input\":{\"@type\":\"PropertyValueSpecification\",\"valueRequired\":true,\"valueName\":\"search_term_string\"}}],\"inLanguage\":\"de\"}]}<\/script>\n<!-- \/ Yoast SEO plugin. -->","yoast_head_json":{"title":"Herzlich Willkommen! - Dachgarten GmbH","robots":{"index":"index","follow":"follow","max-snippet":"max-snippet:-1","max-image-preview":"max-image-preview:large","max-video-preview":"max-video-preview:-1"},"canonical":"https:\/\/www.dachgarten-gmbh.at\/","og_locale":"de_DE","og_type":"article","og_title":"Herzlich Willkommen! - Dachgarten GmbH","og_description":"Wir, das sind Rene Mitterlehner und Fritz Schl\u00f6glhofer, freuen uns, dass Sie unsere Homepage besuchen. Nach \u00fcber 20 Jahren Erfahrung im Gartenbau, spezialisiert auf Dachbegr\u00fcnung, haben wir die Firma Dachgarten GmbH gegr\u00fcndet. Im Bereich der Dachbegr\u00fcnung stehen wir f\u00fcr Beratung, &hellip; Weiter","og_url":"https:\/\/www.dachgarten-gmbh.at\/","og_site_name":"Dachgarten GmbH","article_modified_time":"2020-04-05T13:40:35+00:00","twitter_card":"summary_large_image","schema":{"@context":"https:\/\/schema.org","@graph":[{"@type":"WebPage","@id":"https:\/\/www.dachgarten-gmbh.at\/","url":"https:\/\/www.dachgarten-gmbh.at\/","name":"Herzlich Willkommen! - Dachgarten GmbH","isPartOf":{"@id":"https:\/\/www.dachgarten-gmbh.at\/#website"},"datePublished":"2020-03-02T09:14:34+00:00","dateModified":"2020-04-05T13:40:35+00:00","breadcrumb":{"@id":"https:\/\/www.dachgarten-gmbh.at\/#breadcrumb"},"inLanguage":"de","potentialAction":[{"@type":"ReadAction","target":["https:\/\/www.dachgarten-gmbh.at\/"]}]},{"@type":"BreadcrumbList","@id":"https:\/\/www.dachgarten-gmbh.at\/#breadcrumb","itemListElement":[{"@type":"ListItem","position":1,"name":"Startseite","item":"https:\/\/www.dachgarten-gmbh.at\/"},{"@type":"ListItem","position":2,"name":"Herzlich Willkommen!"}]},{"@type":"WebSite","@id":"https:\/\/www.dachgarten-gmbh.at\/#website","url":"https:\/\/www.dachgarten-gmbh.at\/","name":"Dachgarten GmbH","description":"Dachbegr\u00fcnung - Gartenbau","potentialAction":[{"@type":"SearchAction","target":{"@type":"EntryPoint","urlTemplate":"https:\/\/www.dachgarten-gmbh.at\/?s={search_term_string}"},"query-input":{"@type":"PropertyValueSpecification","valueRequired":true,"valueName":"search_term_string"}}],"inLanguage":"de"}]}},"_links":{"self":[{"href":"https:\/\/www.dachgarten-gmbh.at\/index.php?rest_route=\/wp\/v2\/pages\/2","targetHints":{"allow":["GET"]}}],"collection":[{"href":"https:\/\/www.dachgarten-gmbh.at\/index.php?rest_route=\/wp\/v2\/pages"}],"about":[{"href":"https:\/\/www.dachgarten-gmbh.at\/index.php?rest_route=\/wp\/v2\/types\/page"}],"author":[{"embeddable":true,"href":"https:\/\/www.dachgarten-gmbh.at\/index.php?rest_route=\/wp\/v2\/users\/1"}],"replies":[{"embeddable":true,"href":"https:\/\/www.dachgarten-gmbh.at\/index.php?rest_route=%2Fwp%2Fv2%2Fcomments&post=2"}],"version-history":[{"count":13,"href":"https:\/\/www.dachgarten-gmbh.at\/index.php?rest_route=\/wp\/v2\/pages\/2\/revisions"}],"predecessor-version":[{"id":190,"href":"https:\/\/www.dachgarten-gmbh.at\/index.php?rest_route=\/wp\/v2\/pages\/2\/revisions\/190"}],"wp:attachment":[{"href":"https:\/\/www.dachgarten-gmbh.at\/index.php?rest_route=%2Fwp%2Fv2%2Fmedia&parent=2"}],"curies":[{"name":"wp","href":"https:\/\/api.w.org\/{rel}","templated":true}]}}